{"id":1103,"date":"2011-02-10T11:15:40","date_gmt":"2011-02-10T10:15:40","guid":{"rendered":"http:\/\/www.geii.iut-nimes.fr\/fg\/?page_id=1103"},"modified":"2024-11-23T00:25:28","modified_gmt":"2024-11-22T23:25:28","slug":"mplab-ccs","status":"publish","type":"page","link":"http:\/\/www.giamarchi.fr\/?page_id=1103","title":{"rendered":"Microchip : MplabX &amp; Compilateur C"},"content":{"rendered":"<div class=\"wp-block-image\">\n<figure class=\"alignleft\"><a href=\"http:\/\/perso.iut-nimes.fr\/fgiamarchi\/?attachment_id=1119\" rel=\"attachment wp-att-1119\"><img loading=\"lazy\" decoding=\"async\" width=\"420\" height=\"336\" src=\"http:\/\/perso.iut-nimes.fr\/fgiamarchi\/wp-content\/uploads\/2011\/02\/mplabICD2.jpg\" alt=\"mplabICD2\" class=\"wp-image-1119\" srcset=\"http:\/\/www.giamarchi.fr\/wp-content\/uploads\/2011\/02\/mplabICD2.jpg 420w, http:\/\/www.giamarchi.fr\/wp-content\/uploads\/2011\/02\/mplabICD2-300x240.jpg 300w\" sizes=\"auto, (max-width: 420px) 100vw, 420px\" \/><\/a><\/figure>\n<\/div>\n\n\n<p>Dans cette page, vous trouverez divers documents relatifs \u00e0 l&rsquo;utilisation de <a href=\"http:\/\/www.microchip.com\/pagehandler\/en-us\/family\/mplabx\/\" target=\"_blank\" rel=\"noopener\">MPLAB<\/a> associ\u00e9 \u00e0 un compilateur. MPLAB est un IDE ( Environnement de d\u00e9veloppement int\u00e9gr\u00e9) permettant de cr\u00e9er des programmes pour la famille des PIC de Microchip. Mais il est aussi possible de simuler le programme et bien sur de programmer la puce. Nous vous proposons aussi des fichiers en C (Trame) pour divers composants: 16F88, 18F252, 18F452, etc&#8230;<\/p>\n\n\n\n<p>Le compilateur C que nous utilisons est le compilateur&nbsp;<a href=\"http:\/\/www.microchip.com\/pagehandler\/en_us\/devtools\/mplabxc\/\" target=\"_blank\" rel=\"noopener\"> XC8<\/a>. Il est gratuit et nous l&rsquo;utilisons en l&rsquo;int\u00e9grant \u00e0 MplabX.<\/p>\n\n\n\n<p>Nous vous fournissons ici divers fichiers, type trame de base, pour divers composants. Notre pr\u00e9f\u00e9rence en mati\u00e8re de compilateur allant maintenant pour xc8 de Microchip, qui est gratuit. La liste qui suit correspond aux divers composants utilis\u00e9s par l&rsquo;auteur de ces pages avec quelques commentaires.<\/p>\n\n\n\n<ul class=\"wp-block-list\">\n<li>PIC10F320<\/li>\n\n\n\n<li>PIC12F675, 683, 1822, 1840<\/li>\n\n\n\n<li>PIC16F84, ce composant est devenu une r\u00e9f\u00e9rence \u00e0 une certaine \u00e9poque.<\/li>\n\n\n\n<li>PIC16F88, successeur du 16F84, sa programmation \u00e9tait plus facile<\/li>\n\n\n\n<li>PIC16F1847, largement utilis\u00e9 par l&rsquo;auteur de ces pages pour d\u00e9butant en programmation.<\/li>\n\n\n\n<li>PIC16F252,452, 2520, 4520<\/li>\n\n\n\n<li>PIC16F18877<\/li>\n\n\n\n<li>PIC18F14K22<\/li>\n\n\n\n<li>PIC18F24K22<\/li>\n\n\n\n<li>PIC18F26K22, 46K22, version plus puissante pour programmer des projets<\/li>\n\n\n\n<li>PIC18F4680, \u00e9quipe les petits satellites CubSat de la famille ROBUSTA<\/li>\n<\/ul>\n\n\n\n<p><strong>PIC18F26K22<\/strong><\/p>\n\n\n\n<p>Trame XC8 pour Plateforme Robotique : <a href=\"http:\/\/www.giamarchi.fr\/wp-content\/uploads\/2024\/11\/RLL_2025_02.X.zip\">RLL_2025_02<\/a>, Robot labyrinthe Ligne en mode tests<\/p>\n\n\n\n<p><strong>PIC16F1847 :<\/strong><\/p>\n\n\n\n<p>Trame XC8 en mode avance : <a href=\"http:\/\/www.giamarchi.fr\/wp-content\/uploads\/2024\/11\/Trame_Expert.zip\">Trame_Expert<\/a><\/p>\n\n\n\n<p><strong>PIC16F88 :<\/strong><\/p>\n\n\n\n<p>Trame de base CCS avec horloge externe \u00e0 4MHz : <a href=\"http:\/\/giamarchi.fr\/wp-content\/uploads\/2011\/02\/Trame_16F88_A.c\" target=\"_blank\" rel=\"noreferrer noopener\">Trame_16F88_A.c<\/a><\/p>\n\n\n\n<p>Trame de base CCS avec horloge externe 8MHz et RS232 \u00e0 19200) : <a href=\"http:\/\/giamarchi.fr\/wp-content\/uploads\/2011\/02\/Trame_16F88_B.c\" target=\"_blank\" rel=\"noreferrer noopener\">Trame_16F88_B.c<\/a><\/p>\n\n\n\n<p>Clignotement par Bouton Poussoir, fichier CCS, Horloge Interne \u00e0 8MHz : <a href=\"http:\/\/giamarchi.fr\/wp-content\/uploads\/2011\/06\/Trame_16F88_C.c\" target=\"_blank\" rel=\"noreferrer noopener\">Trame_16F88_C.c<\/a><\/p>\n\n\n\n<p>Exercices du cours de robotique S3 : <a href=\"http:\/\/giamarchi.fr\/wp-content\/uploads\/2011\/02\/MSP_Exos.pdf\">MSP_Exos.pdf<\/a><\/p>\n\n\n\n<p>Fichier pour le d\u00e9codage d&rsquo;une trame RC5 : <a href=\"http:\/\/giamarchi.fr\/wp-content\/uploads\/2011\/10\/RC5.h\">RC5.h<\/a><\/p>\n\n\n\n<p>Fichier pour commander les moteurs : <a href=\"http:\/\/giamarchi.fr\/wp-content\/uploads\/2012\/01\/interruptions.h\">interruptions.h<\/a><\/p>\n\n\n\n<p><\/p>\n","protected":false},"excerpt":{"rendered":"<p>Dans cette page, vous trouverez divers documents relatifs \u00e0 l&rsquo;utilisation de MPLAB associ\u00e9 \u00e0 un compilateur. MPLAB est un IDE ( Environnement de d\u00e9veloppement int\u00e9gr\u00e9) permettant de cr\u00e9er des programmes pour la famille des PIC de Microchip. Mais il est &hellip; <a href=\"http:\/\/www.giamarchi.fr\/?page_id=1103\">Continuer la lecture <span class=\"meta-nav\">&rarr;<\/span><\/a><\/p>\n","protected":false},"author":1,"featured_media":1119,"parent":868,"menu_order":0,"comment_status":"open","ping_status":"open","template":"","meta":{"footnotes":""},"class_list":["post-1103","page","type-page","status-publish","has-post-thumbnail","hentry"],"_links":{"self":[{"href":"http:\/\/www.giamarchi.fr\/index.php?rest_route=\/wp\/v2\/pages\/1103","targetHints":{"allow":["GET"]}}],"collection":[{"href":"http:\/\/www.giamarchi.fr\/index.php?rest_route=\/wp\/v2\/pages"}],"about":[{"href":"http:\/\/www.giamarchi.fr\/index.php?rest_route=\/wp\/v2\/types\/page"}],"author":[{"embeddable":true,"href":"http:\/\/www.giamarchi.fr\/index.php?rest_route=\/wp\/v2\/users\/1"}],"replies":[{"embeddable":true,"href":"http:\/\/www.giamarchi.fr\/index.php?rest_route=%2Fwp%2Fv2%2Fcomments&post=1103"}],"version-history":[{"count":59,"href":"http:\/\/www.giamarchi.fr\/index.php?rest_route=\/wp\/v2\/pages\/1103\/revisions"}],"predecessor-version":[{"id":4991,"href":"http:\/\/www.giamarchi.fr\/index.php?rest_route=\/wp\/v2\/pages\/1103\/revisions\/4991"}],"up":[{"embeddable":true,"href":"http:\/\/www.giamarchi.fr\/index.php?rest_route=\/wp\/v2\/pages\/868"}],"wp:featuredmedia":[{"embeddable":true,"href":"http:\/\/www.giamarchi.fr\/index.php?rest_route=\/wp\/v2\/media\/1119"}],"wp:attachment":[{"href":"http:\/\/www.giamarchi.fr\/index.php?rest_route=%2Fwp%2Fv2%2Fmedia&parent=1103"}],"curies":[{"name":"wp","href":"https:\/\/api.w.org\/{rel}","templated":true}]}}