{"id":1121,"date":"2011-02-11T09:41:56","date_gmt":"2011-02-11T08:41:56","guid":{"rendered":"http:\/\/www.geii.iut-nimes.fr\/fg\/?page_id=1121"},"modified":"2024-10-31T22:16:27","modified_gmt":"2024-10-31T21:16:27","slug":"eagle","status":"publish","type":"page","link":"http:\/\/www.giamarchi.fr\/?page_id=1121","title":{"rendered":"EAGLE"},"content":{"rendered":"<div class=\"wp-block-image\">\n<figure class=\"alignleft\"><a href=\"http:\/\/perso.iut-nimes.fr\/fgiamarchi\/?attachment_id=1123\" rel=\"attachment wp-att-1123\"><img loading=\"lazy\" decoding=\"async\" width=\"185\" height=\"240\" src=\"http:\/\/perso.iut-nimes.fr\/fgiamarchi\/wp-content\/uploads\/2011\/02\/cadsoft-eagle.jpg\" alt=\"cadsoft-eagle\" class=\"wp-image-1123\"\/><\/a><\/figure>\n<\/div>\n\n\n<p><\/p>\n\n\n\n<p>EAGLE est un logiciel de dessin de sch\u00e9ma \u00e9lectronique et de circuit imprim\u00e9.<\/p>\n\n\n\n<p>Excellent logiciel gratuit en version limit\u00e9, dont un des avantages est aussi un inconv\u00e9nient. Il s&rsquo;agit des librairies. Elles sont tellement nombreuses qu&rsquo;on perd un temps fou pour trouver un composant lorsque l&rsquo;on d\u00e9couvre ce soft. Pour vous aider \u00e0 d\u00e9marrer, une librairie sp\u00e9ciale est disponible.<\/p>\n\n\n\n<p>Les versions limit\u00e9es ne permettent pas d&rsquo;ouvrir plus d&rsquo;une page de sch\u00e9ma et le circuit imprim\u00e9 ne peut pas d\u00e9passer 80mm sur 100mm. Mais ces limitations ne sont pas un handicap pour l&rsquo;amateur dans la majorit\u00e9 des cas.<\/p>\n\n\n\n<p>Nous essayerons de fournir divers documents d&rsquo;aide pour apprendre \u00e0 utiliser ce logiciel ainsi que pour apprendre \u00e0 cr\u00e9er ses propres composants.<\/p>\n\n\n\n<p>T\u00e9l\u00e9charger la derni\u00e8re version gratuite pour Windows, Linux ou Mac&nbsp; : <a href=\"https:\/\/eagle-updates.circuits.io\/downloads\/latest.html\" target=\"_blank\" rel=\"noreferrer noopener\">Eagle<\/a><\/p>\n\n\n\n<p><strong><span style=\"color: #ff0000;\">Remarque:<\/span><\/strong> Tout fichier cr\u00e9\u00e9 par une version n&rsquo;est pas utilisable par une version ant\u00e9rieure.<\/p>\n\n\n\n<p><strong><span style=\"color: #ff0000;\">Rapport:<\/span><\/strong> Eagle vous permet de g\u00e9n\u00e9rer des images que vous pouvez exporter dans votre rapport. Un document typique doit permettre \u00e0 un technicien de r\u00e9aliser une carte \u00e9lectronique, de la tester et aussi de la d\u00e9panner.<\/p>\n\n\n\n<p>De nombreux exemples de ce document sont disponibles sur le site. Chaque projet ayant une carte \u00e9lectronique \u00e0 r\u00e9aliser poss\u00e8de une feuille minimaliste. <a href=\"http:\/\/giamarchi.fr\/?p=1344\" target=\"_blank\" rel=\"noreferrer noopener\">exemple<\/a><\/p>\n\n\n\n<p><span style=\"color: #ff0000;\"><strong>Documents:<\/strong><\/span><\/p>\n\n\n\n<p>Librairies personnelles :<a href=\"http:\/\/www.giamarchi.fr\/wp-content\/uploads\/2024\/10\/Lib_Perso.zip\"> Lib_Perso<\/a><\/p>\n\n\n\n<p>D\u00e9marrer avec Eagle : <a href=\"http:\/\/giamarchi.fr\/wp-content\/uploads\/2011\/03\/Eagle-Control-Panel.pdf\" target=\"_blank\" rel=\"noreferrer noopener\">Le Control Panel<\/a><\/p>\n\n\n\n<p>Dessiner un sch\u00e9ma normalis\u00e9 : <a href=\"http:\/\/giamarchi.fr\/wp-content\/uploads\/2021\/10\/Eagle-Schematic-V3.0.pdf\" target=\"_blank\" rel=\"noreferrer noopener\">Eagle Schematic<\/a><\/p>\n\n\n\n<p>Dessiner un circuit imprim\u00e9 : <a href=\"http:\/\/giamarchi.fr\/wp-content\/uploads\/2015\/03\/Eagle-Board-V2.4.pdf\" target=\"_blank\" rel=\"noreferrer noopener\">Eagle Board<\/a><\/p>\n\n\n\n<p>Cr\u00e9er ses propres librairies : <a href=\"http:\/\/giamarchi.fr\/wp-content\/uploads\/2015\/03\/Eagle-Library.pdf\" target=\"_blank\" rel=\"noreferrer noopener\">Eagle Librairies<\/a><\/p>\n\n\n\n<p>Utiliser les Scripts : <a href=\"http:\/\/www.giamarchi.fr\/wp-content\/uploads\/2017\/11\/Eagle-Script-V1.4.pdf\" target=\"_blank\" rel=\"noreferrer noopener\">Eagle Script V1.4.pdf<\/a><\/p>\n\n\n\n<p>Liste de scripts : <a href=\"http:\/\/giamarchi.fr\/wp-content\/uploads\/2016\/09\/eagle.zip\">mon-script<\/a><\/p>\n\n\n\n<p>Script pour avoir un menu adapt\u00e9 au board :<a href=\"http:\/\/giamarchi.fr\/wp-content\/uploads\/2016\/11\/IUT_menu_brd.zip\"> IUT_menu_brd<\/a><\/p>\n\n\n\n<p>Programmes ULP : <a href=\"http:\/\/giamarchi.fr\/wp-content\/uploads\/2014\/10\/Eagle-ULP-V1.1.pdf\">Eagle ULP V1.1.pdf<\/a><\/p>\n\n\n\n<p>Exercice S1-S2 : <a href=\"http:\/\/giamarchi.fr\/wp-content\/uploads\/2011\/11\/Exo_Alim_5V.pdf\">Alim_5V<\/a><\/p>\n\n\n\n<p>Fichier JOB : <a href=\"http:\/\/giamarchi.fr\/wp-content\/uploads\/2013\/02\/Job_EPS_DF.zip\">Job_EPS_DF.cam<\/a><\/p>\n\n\n\n<p>Fichier ULP pour g\u00e9n\u00e9rer des fichiers idf&nbsp; (<a href=\"http:\/\/giamarchi.fr\/?p=2208\" target=\"_blank\" rel=\"noreferrer noopener\">voir IDF vers 3D<\/a> ) : <a href=\"http:\/\/giamarchi.fr\/wp-content\/uploads\/2013\/02\/generate_3d_data_fred.zip\">generate_3D_data_fred.ulp<\/a><\/p>\n\n\n\n<p>Fichier ULP pour importer des fichiers dxf : <a href=\"http:\/\/giamarchi.fr\/wp-content\/uploads\/2014\/11\/import-dxf-fred.zip\">import-dxf-fred.ulp<\/a><\/p>\n\n\n\n<p><\/p>\n","protected":false},"excerpt":{"rendered":"<p>EAGLE est un logiciel de dessin de sch\u00e9ma \u00e9lectronique et de circuit imprim\u00e9. Excellent logiciel gratuit en version limit\u00e9, dont un des avantages est aussi un inconv\u00e9nient. Il s&rsquo;agit des librairies. Elles sont tellement nombreuses qu&rsquo;on perd un temps fou &hellip; <a href=\"http:\/\/www.giamarchi.fr\/?page_id=1121\">Continuer la lecture <span class=\"meta-nav\">&rarr;<\/span><\/a><\/p>\n","protected":false},"author":1,"featured_media":1123,"parent":868,"menu_order":0,"comment_status":"open","ping_status":"open","template":"","meta":{"footnotes":""},"class_list":["post-1121","page","type-page","status-publish","has-post-thumbnail","hentry"],"_links":{"self":[{"href":"http:\/\/www.giamarchi.fr\/index.php?rest_route=\/wp\/v2\/pages\/1121","targetHints":{"allow":["GET"]}}],"collection":[{"href":"http:\/\/www.giamarchi.fr\/index.php?rest_route=\/wp\/v2\/pages"}],"about":[{"href":"http:\/\/www.giamarchi.fr\/index.php?rest_route=\/wp\/v2\/types\/page"}],"author":[{"embeddable":true,"href":"http:\/\/www.giamarchi.fr\/index.php?rest_route=\/wp\/v2\/users\/1"}],"replies":[{"embeddable":true,"href":"http:\/\/www.giamarchi.fr\/index.php?rest_route=%2Fwp%2Fv2%2Fcomments&post=1121"}],"version-history":[{"count":90,"href":"http:\/\/www.giamarchi.fr\/index.php?rest_route=\/wp\/v2\/pages\/1121\/revisions"}],"predecessor-version":[{"id":4900,"href":"http:\/\/www.giamarchi.fr\/index.php?rest_route=\/wp\/v2\/pages\/1121\/revisions\/4900"}],"up":[{"embeddable":true,"href":"http:\/\/www.giamarchi.fr\/index.php?rest_route=\/wp\/v2\/pages\/868"}],"wp:featuredmedia":[{"embeddable":true,"href":"http:\/\/www.giamarchi.fr\/index.php?rest_route=\/wp\/v2\/media\/1123"}],"wp:attachment":[{"href":"http:\/\/www.giamarchi.fr\/index.php?rest_route=%2Fwp%2Fv2%2Fmedia&parent=1121"}],"curies":[{"name":"wp","href":"https:\/\/api.w.org\/{rel}","templated":true}]}}