{"id":1719,"date":"2012-01-30T19:04:35","date_gmt":"2012-01-30T18:04:35","guid":{"rendered":"http:\/\/www.geii.iut-nimes.fr\/fg\/?page_id=1719"},"modified":"2024-11-01T05:26:08","modified_gmt":"2024-11-01T04:26:08","slug":"etudes-realisations","status":"publish","type":"page","link":"http:\/\/www.giamarchi.fr\/?page_id=1719","title":{"rendered":"Etudes &#038; R\u00e9alisations"},"content":{"rendered":"<div class=\"wp-block-image\">\n<figure class=\"alignright\"><a href=\"http:\/\/perso.iut-nimes.fr\/fgiamarchi\/?attachment_id=1725\" rel=\"attachment wp-att-1725\"><img loading=\"lazy\" decoding=\"async\" width=\"160\" height=\"120\" src=\"http:\/\/perso.iut-nimes.fr\/fgiamarchi\/wp-content\/uploads\/2012\/01\/CI.jpg\" alt=\"CI\" class=\"wp-image-1725\"\/><\/a><\/figure>\n<\/div>\n\n\n<p class=\"has-text-align-left\">Le module, \u00c9tudes et R\u00e9alisations est un enseignement de projets.<\/p>\n\n\n\n<p class=\"has-text-align-left\">Il permet de mettre en \u0153uvre un projet technique industriel. C&rsquo;est l&rsquo;occasion de mettre en pratique les savoirs et surtout les savoir-faire du GEII pour r\u00e9pondre \u00e0 un cahier des charges.<\/p>\n\n\n\n<p>&nbsp;<\/p>\n\n\n\n<ul class=\"wp-block-list\">\n<li>Analyse de solutions existantes<\/li>\n\n\n\n<li>Recherche de documentations et d&rsquo;informations<\/li>\n\n\n\n<li>Gestion d&rsquo;un projet : cahier des charges, planning, co\u00fbt, contraintes<\/li>\n\n\n\n<li>Mise en \u0153uvre des composants et <a href=\"http:\/\/giamarchi.fr\/?page_id=868\">logiciels<\/a><\/li>\n\n\n\n<li>Concevoir un sch\u00e9ma fonctionnel ou structurel, un algorithme<\/li>\n\n\n\n<li>R\u00e9alisation d&rsquo;un prototype<\/li>\n\n\n\n<li>Validation de la solution retenue<\/li>\n\n\n\n<li>R\u00e9daction d&rsquo;un document technique relatif au projet :<a href=\"http:\/\/giamarchi.fr\/?p=385\"> lien<\/a><\/li>\n<\/ul>\n\n\n\n<p><a href=\"http:\/\/giamarchi.fr\/wp-content\/uploads\/2015\/09\/Outillage-ER.pdf\" target=\"_blank\" rel=\"noreferrer noopener\">Outillages recommand\u00e9s<\/a><\/p>\n\n\n\n<p>Planning de r\u00e9partition des groupes pour les semestres 1 et 3 : <a href=\"http:\/\/giamarchi.fr\/wp-content\/uploads\/2015\/09\/Calendrier-ER-2015_16-S1-S3.pdf\">Planning<\/a><\/p>\n\n\n\n<p>&nbsp;<\/p>\n\n\n\n<p>&nbsp;<\/p>\n","protected":false},"excerpt":{"rendered":"<p>Le module, \u00c9tudes et R\u00e9alisations est un enseignement de projets. Il permet de mettre en \u0153uvre un projet technique industriel. C&rsquo;est l&rsquo;occasion de mettre en pratique les savoirs et surtout les savoir-faire du GEII pour r\u00e9pondre \u00e0 un cahier des &hellip; <a href=\"http:\/\/www.giamarchi.fr\/?page_id=1719\">Continuer la lecture <span class=\"meta-nav\">&rarr;<\/span><\/a><\/p>\n","protected":false},"author":1,"featured_media":1725,"parent":0,"menu_order":4,"comment_status":"open","ping_status":"open","template":"","meta":{"footnotes":""},"class_list":["post-1719","page","type-page","status-publish","has-post-thumbnail","hentry"],"_links":{"self":[{"href":"http:\/\/www.giamarchi.fr\/index.php?rest_route=\/wp\/v2\/pages\/1719","targetHints":{"allow":["GET"]}}],"collection":[{"href":"http:\/\/www.giamarchi.fr\/index.php?rest_route=\/wp\/v2\/pages"}],"about":[{"href":"http:\/\/www.giamarchi.fr\/index.php?rest_route=\/wp\/v2\/types\/page"}],"author":[{"embeddable":true,"href":"http:\/\/www.giamarchi.fr\/index.php?rest_route=\/wp\/v2\/users\/1"}],"replies":[{"embeddable":true,"href":"http:\/\/www.giamarchi.fr\/index.php?rest_route=%2Fwp%2Fv2%2Fcomments&post=1719"}],"version-history":[{"count":24,"href":"http:\/\/www.giamarchi.fr\/index.php?rest_route=\/wp\/v2\/pages\/1719\/revisions"}],"predecessor-version":[{"id":4902,"href":"http:\/\/www.giamarchi.fr\/index.php?rest_route=\/wp\/v2\/pages\/1719\/revisions\/4902"}],"wp:featuredmedia":[{"embeddable":true,"href":"http:\/\/www.giamarchi.fr\/index.php?rest_route=\/wp\/v2\/media\/1725"}],"wp:attachment":[{"href":"http:\/\/www.giamarchi.fr\/index.php?rest_route=%2Fwp%2Fv2%2Fmedia&parent=1719"}],"curies":[{"name":"wp","href":"https:\/\/api.w.org\/{rel}","templated":true}]}}