{"id":1735,"date":"2012-01-31T03:12:03","date_gmt":"2012-01-31T02:12:03","guid":{"rendered":"http:\/\/www.geii.iut-nimes.fr\/fg\/?page_id=1735"},"modified":"2014-09-03T01:16:51","modified_gmt":"2014-09-02T23:16:51","slug":"cours-et-td","status":"publish","type":"page","link":"http:\/\/www.giamarchi.fr\/?page_id=1735","title":{"rendered":"Cours et TD \u00e9lectronique"},"content":{"rendered":"<h3><a href=\"http:\/\/perso.iut-nimes.fr\/fgiamarchi\/?attachment_id=560\" rel=\"attachment wp-att-560\"><img loading=\"lazy\" decoding=\"async\" class=\"alignleft  wp-image-560\" alt=\"loi d'ohm cercle\" src=\"http:\/\/perso.iut-nimes.fr\/fgiamarchi\/wp-content\/uploads\/2010\/09\/loi-dohm-cercle.gif\" width=\"276\" height=\"277\" srcset=\"http:\/\/www.giamarchi.fr\/wp-content\/uploads\/2010\/09\/loi-dohm-cercle.gif 599w, http:\/\/www.giamarchi.fr\/wp-content\/uploads\/2010\/09\/loi-dohm-cercle-150x150.gif 150w, http:\/\/www.giamarchi.fr\/wp-content\/uploads\/2010\/09\/loi-dohm-cercle-299x300.gif 299w\" sizes=\"auto, (max-width: 276px) 100vw, 276px\" \/><\/a><\/h3>\n<h3>Module SE1 :<\/h3>\n<h4>Syst\u00e8mes \u00e9lectroniques<\/h4>\n<p>Objectifs :\u00a0 Conna\u00eetre les outils d\u2019analyse d\u2019un syst\u00e8me \u00e9lectrique. Savoir identifier les fonctions \u00e9l\u00e9mentaires de l\u2019\u00e9lectronique. Savoir r\u00e9aliser des mesures permettant de valider le fonctionnement correct d&rsquo;un syst\u00e8me \u00e9lectronique \u00e9l\u00e9mentaire. D\u00e9velopper une approche syst\u00e8me ouverte sur la transversalit\u00e9 dans l\u2019objectif d\u2019une culture de projet.<\/p>\n<h3>Module SE2 :<\/h3>\n<h4>Syst\u00e8mes \u00e9lectroniques<\/h4>\n<p>Objectifs : Ma\u00eetriser la dualit\u00e9 temps\/fr\u00e9quence. Comprendre les principes de base de la transmission de l&rsquo;information. Apprendre \u00e0 associer des fonctions \u00e9lectroniques \u00e9l\u00e9mentaires pour r\u00e9aliser une cha\u00eene de traitement et de transmission de l&rsquo;information.<\/p>\n<h3>Livres conseill\u00e9s :<\/h3>\n<p><a href=\"http:\/\/perso.iut-nimes.fr\/fgiamarchi\/wp-content\/uploads\/2012\/01\/AOP_01-M.-Girard.jpg\"><img loading=\"lazy\" decoding=\"async\" class=\"alignleft size-full wp-image-3461\" alt=\"AOP_01 M. Girard\" src=\"http:\/\/perso.iut-nimes.fr\/fgiamarchi\/wp-content\/uploads\/2012\/01\/AOP_01-M.-Girard.jpg\" width=\"128\" height=\"128\" \/><\/a><a href=\"http:\/\/perso.iut-nimes.fr\/fgiamarchi\/wp-content\/uploads\/2012\/01\/Exo_01-M.-Girard.jpg\"><img loading=\"lazy\" decoding=\"async\" class=\"alignleft size-full wp-image-3465\" alt=\"Exo_01 M. Girard\" src=\"http:\/\/perso.iut-nimes.fr\/fgiamarchi\/wp-content\/uploads\/2012\/01\/Exo_01-M.-Girard.jpg\" width=\"81\" height=\"125\" srcset=\"http:\/\/www.giamarchi.fr\/wp-content\/uploads\/2012\/01\/Exo_01-M.-Girard.jpg 311w, http:\/\/www.giamarchi.fr\/wp-content\/uploads\/2012\/01\/Exo_01-M.-Girard-196x300.jpg 196w\" sizes=\"auto, (max-width: 81px) 100vw, 81px\" \/><\/a>Exercices Corrig\u00e9s 1 &amp; 2 &#8211; Michel Girard &#8211; Ediscience<\/p>\n<p>Amplificateurs Op\u00e9rationnels 1 &amp; 2 &#8211; Michel Girard &#8211; MacGrawHill<\/p>\n<p>Composants Actifs Discrets 1 &amp; 2 &#8211; Michel Girard &#8211; Ediscience<\/p>\n","protected":false},"excerpt":{"rendered":"<p>Module SE1 : Syst\u00e8mes \u00e9lectroniques Objectifs :\u00a0 Conna\u00eetre les outils d\u2019analyse d\u2019un syst\u00e8me \u00e9lectrique. Savoir identifier les fonctions \u00e9l\u00e9mentaires de l\u2019\u00e9lectronique. Savoir r\u00e9aliser des mesures permettant de valider le fonctionnement correct d&rsquo;un syst\u00e8me \u00e9lectronique \u00e9l\u00e9mentaire. D\u00e9velopper une approche syst\u00e8me ouverte &hellip; <a href=\"http:\/\/www.giamarchi.fr\/?page_id=1735\">Continuer la lecture <span class=\"meta-nav\">&rarr;<\/span><\/a><\/p>\n","protected":false},"author":1,"featured_media":560,"parent":0,"menu_order":2,"comment_status":"open","ping_status":"open","template":"","meta":{"footnotes":""},"class_list":["post-1735","page","type-page","status-publish","has-post-thumbnail","hentry"],"_links":{"self":[{"href":"http:\/\/www.giamarchi.fr\/index.php?rest_route=\/wp\/v2\/pages\/1735","targetHints":{"allow":["GET"]}}],"collection":[{"href":"http:\/\/www.giamarchi.fr\/index.php?rest_route=\/wp\/v2\/pages"}],"about":[{"href":"http:\/\/www.giamarchi.fr\/index.php?rest_route=\/wp\/v2\/types\/page"}],"author":[{"embeddable":true,"href":"http:\/\/www.giamarchi.fr\/index.php?rest_route=\/wp\/v2\/users\/1"}],"replies":[{"embeddable":true,"href":"http:\/\/www.giamarchi.fr\/index.php?rest_route=%2Fwp%2Fv2%2Fcomments&post=1735"}],"version-history":[{"count":49,"href":"http:\/\/www.giamarchi.fr\/index.php?rest_route=\/wp\/v2\/pages\/1735\/revisions"}],"predecessor-version":[{"id":1868,"href":"http:\/\/www.giamarchi.fr\/index.php?rest_route=\/wp\/v2\/pages\/1735\/revisions\/1868"}],"wp:featuredmedia":[{"embeddable":true,"href":"http:\/\/www.giamarchi.fr\/index.php?rest_route=\/wp\/v2\/media\/560"}],"wp:attachment":[{"href":"http:\/\/www.giamarchi.fr\/index.php?rest_route=%2Fwp%2Fv2%2Fmedia&parent=1735"}],"curies":[{"name":"wp","href":"https:\/\/api.w.org\/{rel}","templated":true}]}}