{"id":367,"date":"2010-08-29T19:35:26","date_gmt":"2010-08-29T17:35:26","guid":{"rendered":"http:\/\/www.geii.iut-nimes.fr\/fg\/?page_id=367"},"modified":"2024-11-01T05:36:22","modified_gmt":"2024-11-01T04:36:22","slug":"projets","status":"publish","type":"page","link":"http:\/\/www.giamarchi.fr\/?page_id=367","title":{"rendered":"Projets"},"content":{"rendered":"\n<p>Cette page regroupera tous les projets en cours ou ayant \u00e9t\u00e9 propos\u00e9s aux \u00e9tudiants.<\/p>\n\n\n\n<p>Cette page n&rsquo;est pas uniquement r\u00e9serv\u00e9e aux \u00e9tudiants du d\u00e9partement, m\u00eame si de part notre structure, nous favorisons nos \u00e9tudiants. Nous pouvons aussi vous donner des conseils pour vous permettre d&rsquo;avancer dans vos projets personnels.<\/p>\n\n\n\n<p>Un projet ne peut \u00eatre \u00e9tudi\u00e9 que si vous avez d\u00e9j\u00e0 fait une \u00e9tude pr\u00e9alable de faisabilit\u00e9 et si vous avez d\u00e9j\u00e0 une bonne id\u00e9e des composants \u00e0 utiliser. Si un programme est n\u00e9cessaire, l\u00e0 aussi, nous pouvons vous conseiller, mais nous ne ferons pas le programme.<\/p>\n\n\n<div class=\"wp-block-image\">\n<figure class=\"alignleft\"><a href=\"http:\/\/perso.iut-nimes.fr\/fgiamarchi\/?attachment_id=1029\" rel=\"attachment wp-att-1029\"><img loading=\"lazy\" decoding=\"async\" width=\"150\" height=\"150\" src=\"http:\/\/perso.iut-nimes.fr\/fgiamarchi\/wp-content\/uploads\/2011\/01\/Piste-Aa-150x150.jpg\" alt=\"Piste-Aa\" class=\"wp-image-1029\"\/><\/a><\/figure>\n<\/div>\n\n\n<p> Robot Labyrinthe Ligne : <em><strong><span style=\"color: #ff0000;\">en cours<\/span><\/strong><\/em><\/p>\n\n\n\n<p>-\u00c9tude : <a href=\"http:\/\/giamarchi.fr\/?p=1022\">voir la page associ\u00e9e<\/a><\/p>\n\n\n\n<p>-Fiches techniques : Les documents n\u00e9cessaires sont disponibles sur la page <a href=\"http:\/\/giamarchi.fr\/?p=269\">Fiches Techniques<\/a><\/p>\n\n\n<div class=\"wp-block-image\">\n<figure class=\"alignleft\"><a href=\"http:\/\/perso.iut-nimes.fr\/fgiamarchi\/?attachment_id=975\" rel=\"attachment wp-att-975\"><img loading=\"lazy\" decoding=\"async\" width=\"150\" height=\"150\" src=\"http:\/\/perso.iut-nimes.fr\/fgiamarchi\/wp-content\/uploads\/2010\/12\/Decharge_Principe-150x150.jpg\" alt=\"Decharge_Principe\" class=\"wp-image-975\"\/><\/a><\/figure>\n<\/div>\n\n\n<p>Capacim\u00e8tre pour Accumulateur : <a href=\"http:\/\/giamarchi.fr\/wp-content\/uploads\/2011\/02\/Capacim\u00e8tre-pour-Accu.pdf\">Fiche projet<\/a><\/p>\n\n\n\n<p>Fiche r\u00e9alisation : <a href=\"http:\/\/giamarchi.fr\/wp-content\/uploads\/2011\/02\/Capacim\u00e8tre-pour-Accu-NiMH.pdf\">Fichier.pdf<\/a><\/p>\n\n\n\n<p>&nbsp;<\/p>\n\n\n<div class=\"wp-block-image\">\n<figure class=\"alignleft\"><a href=\"http:\/\/perso.iut-nimes.fr\/fgiamarchi\/?attachment_id=370\" rel=\"attachment wp-att-370\"><img loading=\"lazy\" decoding=\"async\" width=\"150\" height=\"150\" src=\"http:\/\/perso.iut-nimes.fr\/fgiamarchi\/wp-content\/uploads\/2010\/08\/sumo_01-150x150.jpg\" alt=\"sumo_01\" class=\"wp-image-370\"\/><\/a><\/figure>\n<\/div>\n\n\n<p>Robot mini Sumo : <a href=\"http:\/\/giamarchi.fr\/wp-content\/uploads\/2010\/08\/Fiche-projet-mini-sumo.pdf\">Fiche projet<\/a><\/p>\n\n\n\n<p>&#8211;<\/p>\n\n\n\n<p>&#8211;<\/p>\n\n\n<div class=\"wp-block-image\">\n<figure class=\"alignleft\"><a href=\"http:\/\/perso.iut-nimes.fr\/fgiamarchi\/?attachment_id=471\" rel=\"attachment wp-att-471\"><img loading=\"lazy\" decoding=\"async\" width=\"150\" height=\"150\" src=\"http:\/\/perso.iut-nimes.fr\/fgiamarchi\/wp-content\/uploads\/2010\/09\/Suiveur-150x150.jpg\" alt=\"Suiveur\" class=\"wp-image-471\"\/><\/a><\/figure>\n<\/div>\n\n\n<p>Robot suiveur de ligne : <a href=\"http:\/\/giamarchi.fr\/wp-content\/uploads\/2010\/09\/Fiche-projet-suiveur-de-ligne.pdf\">Fiche projet<\/a><\/p>\n\n\n\n<p>&#8211;<\/p>\n","protected":false},"excerpt":{"rendered":"<p>Cette page regroupera tous les projets en cours ou ayant \u00e9t\u00e9 propos\u00e9s aux \u00e9tudiants. Cette page n&rsquo;est pas uniquement r\u00e9serv\u00e9e aux \u00e9tudiants du d\u00e9partement, m\u00eame si de part notre structure, nous favorisons nos \u00e9tudiants. Nous pouvons aussi vous donner des &hellip; <a href=\"http:\/\/www.giamarchi.fr\/?page_id=367\">Continuer la lecture <span class=\"meta-nav\">&rarr;<\/span><\/a><\/p>\n","protected":false},"author":1,"featured_media":0,"parent":0,"menu_order":7,"comment_status":"open","ping_status":"open","template":"","meta":{"footnotes":""},"class_list":["post-367","page","type-page","status-publish","hentry"],"_links":{"self":[{"href":"http:\/\/www.giamarchi.fr\/index.php?rest_route=\/wp\/v2\/pages\/367","targetHints":{"allow":["GET"]}}],"collection":[{"href":"http:\/\/www.giamarchi.fr\/index.php?rest_route=\/wp\/v2\/pages"}],"about":[{"href":"http:\/\/www.giamarchi.fr\/index.php?rest_route=\/wp\/v2\/types\/page"}],"author":[{"embeddable":true,"href":"http:\/\/www.giamarchi.fr\/index.php?rest_route=\/wp\/v2\/users\/1"}],"replies":[{"embeddable":true,"href":"http:\/\/www.giamarchi.fr\/index.php?rest_route=%2Fwp%2Fv2%2Fcomments&post=367"}],"version-history":[{"count":46,"href":"http:\/\/www.giamarchi.fr\/index.php?rest_route=\/wp\/v2\/pages\/367\/revisions"}],"predecessor-version":[{"id":4910,"href":"http:\/\/www.giamarchi.fr\/index.php?rest_route=\/wp\/v2\/pages\/367\/revisions\/4910"}],"wp:attachment":[{"href":"http:\/\/www.giamarchi.fr\/index.php?rest_route=%2Fwp%2Fv2%2Fmedia&parent=367"}],"curies":[{"name":"wp","href":"https:\/\/api.w.org\/{rel}","templated":true}]}}