{"id":4501,"date":"2018-03-08T23:45:52","date_gmt":"2018-03-08T22:45:52","guid":{"rendered":"http:\/\/perso.iut-nimes.fr\/fgiamarchi\/?page_id=4501"},"modified":"2024-03-17T05:34:01","modified_gmt":"2024-03-17T04:34:01","slug":"arduino","status":"publish","type":"page","link":"http:\/\/www.giamarchi.fr\/?page_id=4501","title":{"rendered":"Arduino"},"content":{"rendered":"\n<div class=\"wp-block-columns is-layout-flex wp-container-core-columns-is-layout-9d6595d7 wp-block-columns-is-layout-flex\">\n<div class=\"wp-block-column is-layout-flow wp-block-column-is-layout-flow\" style=\"flex-basis:100%\">\n<div class=\"wp-block-group\"><div class=\"wp-block-group__inner-container is-layout-constrained wp-block-group-is-layout-constrained\">\n<p><a href=\"http:\/\/perso.iut-nimes.fr\/fgiamarchi\/?attachment_id=4503\" rel=\"attachment wp-att-4503\"><img loading=\"lazy\" decoding=\"async\" class=\"size-medium wp-image-4503 alignright\" src=\"http:\/\/perso.iut-nimes.fr\/fgiamarchi\/wp-content\/uploads\/2018\/03\/Arduino_Logo.svg_-300x204.png\" alt=\"\" width=\"300\" height=\"204\" srcset=\"http:\/\/www.giamarchi.fr\/wp-content\/uploads\/2018\/03\/Arduino_Logo.svg_-300x204.png 300w, http:\/\/www.giamarchi.fr\/wp-content\/uploads\/2018\/03\/Arduino_Logo.svg_-768x523.png 768w, http:\/\/www.giamarchi.fr\/wp-content\/uploads\/2018\/03\/Arduino_Logo.svg_-1024x697.png 1024w, http:\/\/www.giamarchi.fr\/wp-content\/uploads\/2018\/03\/Arduino_Logo.svg_.png 1280w\" sizes=\"auto, (max-width: 300px) 100vw, 300px\" \/><\/a>Cette page est associ\u00e9e \u00e0 un enseignement autour du ph\u00e9nom\u00e8ne Arduino. On supposera que le lecteur dispose, \u00e0 minima, d&rsquo;une carte Arduino Uno et de divers \u00e9l\u00e9ments \u00e9lectroniques pour r\u00e9aliser les exercices d&rsquo;apprentissage propos\u00e9s.<\/p>\n<p>Fiche des exercices<\/p>\n<p>Exo 06 -&gt; Correction<\/p>\n<p>Exo 07 -&gt; Correction<\/p>\n<p>Exo 08 -&gt; Correction<\/p>\n<p>&nbsp;<\/p>\n<\/div><\/div>\n<\/div>\n<\/div>\n","protected":false},"excerpt":{"rendered":"<p>Cette page est associ\u00e9e \u00e0 un enseignement autour du ph\u00e9nom\u00e8ne Arduino. On supposera que le lecteur dispose, \u00e0 minima, d&rsquo;une carte Arduino Uno et de divers \u00e9l\u00e9ments \u00e9lectroniques pour r\u00e9aliser les exercices d&rsquo;apprentissage propos\u00e9s. Fiche des exercices Exo 06 -&gt; &hellip; <a href=\"http:\/\/www.giamarchi.fr\/?page_id=4501\">Continuer la lecture <span class=\"meta-nav\">&rarr;<\/span><\/a><\/p>\n","protected":false},"author":1,"featured_media":0,"parent":868,"menu_order":0,"comment_status":"closed","ping_status":"closed","template":"","meta":{"footnotes":""},"class_list":["post-4501","page","type-page","status-publish","hentry"],"_links":{"self":[{"href":"http:\/\/www.giamarchi.fr\/index.php?rest_route=\/wp\/v2\/pages\/4501","targetHints":{"allow":["GET"]}}],"collection":[{"href":"http:\/\/www.giamarchi.fr\/index.php?rest_route=\/wp\/v2\/pages"}],"about":[{"href":"http:\/\/www.giamarchi.fr\/index.php?rest_route=\/wp\/v2\/types\/page"}],"author":[{"embeddable":true,"href":"http:\/\/www.giamarchi.fr\/index.php?rest_route=\/wp\/v2\/users\/1"}],"replies":[{"embeddable":true,"href":"http:\/\/www.giamarchi.fr\/index.php?rest_route=%2Fwp%2Fv2%2Fcomments&post=4501"}],"version-history":[{"count":9,"href":"http:\/\/www.giamarchi.fr\/index.php?rest_route=\/wp\/v2\/pages\/4501\/revisions"}],"predecessor-version":[{"id":4820,"href":"http:\/\/www.giamarchi.fr\/index.php?rest_route=\/wp\/v2\/pages\/4501\/revisions\/4820"}],"up":[{"embeddable":true,"href":"http:\/\/www.giamarchi.fr\/index.php?rest_route=\/wp\/v2\/pages\/868"}],"wp:attachment":[{"href":"http:\/\/www.giamarchi.fr\/index.php?rest_route=%2Fwp%2Fv2%2Fmedia&parent=4501"}],"curies":[{"name":"wp","href":"https:\/\/api.w.org\/{rel}","templated":true}]}}